{"id":13683,"date":"2022-08-08T14:23:32","date_gmt":"2022-08-08T14:23:32","guid":{"rendered":"https:\/\/vividrums.com\/?page_id=13683"},"modified":"2025-12-06T11:39:03","modified_gmt":"2025-12-06T11:39:03","slug":"vivi","status":"publish","type":"page","link":"https:\/\/vividrums.com\/en\/vivi\/","title":{"rendered":"Solo-Schlagzeugerin begeistert mit Spielfreude und Energie"},"content":{"rendered":"<div data-elementor-type=\"wp-page\" data-elementor-id=\"13683\" class=\"elementor elementor-13683\">\n\t\t\t\t\t\t\t\t\t<section class=\"elementor-section elementor-top-section elementor-element elementor-element-659b66e elementor-section-full_width elementor-section-stretched elementor-hidden-mobile elementor-hidden-tablet elementor-section-height-default elementor-section-height-default qodef-elementor-content-no qodef-elementor-back-btn-skin-default qodef-section-title-text-holder-no qodef-section-line-animation-holder-no\" data-id=\"659b66e\" data-element_type=\"section\" data-settings=\"{&quot;stretch_section&quot;:&quot;section-stretched&quot;}\">\n\t\t\t\t\t\t<div class=\"elementor-container elementor-column-gap-default\">\n\t\t\t\t\t<div class=\"elementor-column elementor-col-50 elementor-top-column elementor-element elementor-element-825d722\" data-id=\"825d722\" data-element_type=\"column\">\n\t\t\t<div class=\"elementor-widget-wrap elementor-element-populated\">\n\t\t\t\t\t\t\t\t<div class=\"elementor-element elementor-element-0aea170 elementor-widget elementor-widget-madelyn_core_scroll_image_switch\" data-id=\"0aea170\" data-element_type=\"widget\" data-widget_type=\"madelyn_core_scroll_image_switch.default\">\n\t\t\t\t<div class=\"elementor-widget-container\">\n\t\t\t<div class=\"qodef-shortcode qodef-m  qodef-scroll-image-switch qodef-layout--link-overlay qodef-title-break--disabled  qodef--title-break\">\n\t<div class=\"qodef-m-image\">\n\t<img loading=\"lazy\" decoding=\"async\" width=\"2560\" height=\"1707\" src=\"https:\/\/vividrums.com\/wp-content\/uploads\/2022\/08\/Vivi_Vassileva-4668-Kopie-scaled.jpg\" class=\"attachment-full size-full\" alt=\"\" srcset=\"https:\/\/vividrums.com\/wp-content\/uploads\/2022\/08\/Vivi_Vassileva-4668-Kopie-scaled.jpg 2560w, https:\/\/vividrums.com\/wp-content\/uploads\/2022\/08\/Vivi_Vassileva-4668-Kopie-300x200.jpg 300w, https:\/\/vividrums.com\/wp-content\/uploads\/2022\/08\/Vivi_Vassileva-4668-Kopie-1024x683.jpg 1024w, https:\/\/vividrums.com\/wp-content\/uploads\/2022\/08\/Vivi_Vassileva-4668-Kopie-768x512.jpg 768w, https:\/\/vividrums.com\/wp-content\/uploads\/2022\/08\/Vivi_Vassileva-4668-Kopie-1536x1024.jpg 1536w, https:\/\/vividrums.com\/wp-content\/uploads\/2022\/08\/Vivi_Vassileva-4668-Kopie-2048x1365.jpg 2048w\" sizes=\"auto, (max-width: 2560px) 100vw, 2560px\" \/>    <\/div>\n\t<div class=\"qodef-m-content\">\n\t\t<div class=\"qodef-m-content-inner\">\n            \t\t\t\t<h3 class=\"qodef-m-title\">\n    Vivi<br \/>\t<\/h3>\n\t\t<\/div>\n\t<\/div>\n    <div class=\"qodef-m-content qodef-mask\">\n        <div class=\"qodef-m-content-inner\">\n                        \t<h3 class=\"qodef-m-title\">\n    Vivi<br \/>\t<\/h3>\n        <\/div>\n    <\/div>\n\t<a itemprop=\"url\" href=\"#\" class=\"qodef-m-scroll-image-switch-link\" target=\"_blank\"><\/a>\n\n<\/div>\n\t\t<\/div>\n\t\t\t\t<\/div>\n\t\t\t\t\t<\/div>\n\t\t<\/div>\n\t\t\t\t<div class=\"elementor-column elementor-col-50 elementor-top-column elementor-element elementor-element-6b87cba\" data-id=\"6b87cba\" data-element_type=\"column\">\n\t\t\t<div class=\"elementor-widget-wrap elementor-element-populated\">\n\t\t\t\t\t\t\t\t<div class=\"elementor-element elementor-element-3f0a4a5 elementor-widget elementor-widget-madelyn_core_scroll_image_switch\" data-id=\"3f0a4a5\" data-element_type=\"widget\" data-widget_type=\"madelyn_core_scroll_image_switch.default\">\n\t\t\t\t<div class=\"elementor-widget-container\">\n\t\t\t<div class=\"qodef-shortcode qodef-m  qodef-scroll-image-switch qodef-layout--link-overlay qodef-title-break--disabled\">\n\t<div class=\"qodef-m-image\">\n\t<img loading=\"lazy\" decoding=\"async\" width=\"2268\" height=\"1512\" src=\"https:\/\/vividrums.com\/wp-content\/uploads\/2022\/08\/Vivi_Vassileva-4335-Kopie.jpg\" class=\"attachment-full size-full\" alt=\"\" srcset=\"https:\/\/vividrums.com\/wp-content\/uploads\/2022\/08\/Vivi_Vassileva-4335-Kopie.jpg 2268w, https:\/\/vividrums.com\/wp-content\/uploads\/2022\/08\/Vivi_Vassileva-4335-Kopie-300x200.jpg 300w, https:\/\/vividrums.com\/wp-content\/uploads\/2022\/08\/Vivi_Vassileva-4335-Kopie-1024x683.jpg 1024w, https:\/\/vividrums.com\/wp-content\/uploads\/2022\/08\/Vivi_Vassileva-4335-Kopie-768x512.jpg 768w, https:\/\/vividrums.com\/wp-content\/uploads\/2022\/08\/Vivi_Vassileva-4335-Kopie-1536x1024.jpg 1536w, https:\/\/vividrums.com\/wp-content\/uploads\/2022\/08\/Vivi_Vassileva-4335-Kopie-2048x1365.jpg 2048w\" sizes=\"auto, (max-width: 2268px) 100vw, 2268px\" \/>    <\/div>\n\t<div class=\"qodef-m-content\">\n\t\t<div class=\"qodef-m-content-inner\">\n            \t\t\t\t\t<\/div>\n\t<\/div>\n    <div class=\"qodef-m-content qodef-mask\">\n        <div class=\"qodef-m-content-inner\">\n                                <\/div>\n    <\/div>\n\t<a itemprop=\"url\" href=\"#\" class=\"qodef-m-scroll-image-switch-link\" target=\"_blank\"><\/a>\n\n<\/div>\n\t\t<\/div>\n\t\t\t\t<\/div>\n\t\t\t\t\t<\/div>\n\t\t<\/div>\n\t\t\t\t\t\t\t<\/div>\n\t\t<\/section>\n\t\t\t\t<section class=\"elementor-section elementor-top-section elementor-element elementor-element-333beac elementor-section-full_width elementor-section-stretched elementor-hidden-desktop elementor-section-height-default elementor-section-height-default qodef-elementor-content-no qodef-elementor-back-btn-skin-default qodef-section-title-text-holder-no qodef-section-line-animation-holder-no\" data-id=\"333beac\" data-element_type=\"section\" data-settings=\"{&quot;stretch_section&quot;:&quot;section-stretched&quot;}\">\n\t\t\t\t\t\t<div class=\"elementor-container elementor-column-gap-default\">\n\t\t\t\t\t<div class=\"elementor-column elementor-col-100 elementor-top-column elementor-element elementor-element-6dd9228\" data-id=\"6dd9228\" data-element_type=\"column\">\n\t\t\t<div class=\"elementor-widget-wrap elementor-element-populated\">\n\t\t\t\t\t\t\t\t<div class=\"elementor-element elementor-element-88f2aba elementor-hidden-desktop elementor-widget elementor-widget-madelyn_core_scroll_image_switch\" data-id=\"88f2aba\" data-element_type=\"widget\" data-widget_type=\"madelyn_core_scroll_image_switch.default\">\n\t\t\t\t<div class=\"elementor-widget-container\">\n\t\t\t<div class=\"qodef-shortcode qodef-m  qodef-scroll-image-switch qodef-layout--link-overlay qodef-title-break--disabled\">\n\t<div class=\"qodef-m-image\">\n\t<img loading=\"lazy\" decoding=\"async\" width=\"2560\" height=\"1707\" src=\"https:\/\/vividrums.com\/wp-content\/uploads\/2022\/08\/Vivi_Vassileva-4668-Kopie-scaled.jpg\" class=\"attachment-full size-full\" alt=\"\" srcset=\"https:\/\/vividrums.com\/wp-content\/uploads\/2022\/08\/Vivi_Vassileva-4668-Kopie-scaled.jpg 2560w, https:\/\/vividrums.com\/wp-content\/uploads\/2022\/08\/Vivi_Vassileva-4668-Kopie-300x200.jpg 300w, https:\/\/vividrums.com\/wp-content\/uploads\/2022\/08\/Vivi_Vassileva-4668-Kopie-1024x683.jpg 1024w, https:\/\/vividrums.com\/wp-content\/uploads\/2022\/08\/Vivi_Vassileva-4668-Kopie-768x512.jpg 768w, https:\/\/vividrums.com\/wp-content\/uploads\/2022\/08\/Vivi_Vassileva-4668-Kopie-1536x1024.jpg 1536w, https:\/\/vividrums.com\/wp-content\/uploads\/2022\/08\/Vivi_Vassileva-4668-Kopie-2048x1365.jpg 2048w\" sizes=\"auto, (max-width: 2560px) 100vw, 2560px\" \/>    <\/div>\n\t<div class=\"qodef-m-content\">\n\t\t<div class=\"qodef-m-content-inner\">\n            \t\t\t\t\t<\/div>\n\t<\/div>\n    <div class=\"qodef-m-content qodef-mask\">\n        <div class=\"qodef-m-content-inner\">\n                                <\/div>\n    <\/div>\n\t<a itemprop=\"url\" href=\"#\" class=\"qodef-m-scroll-image-switch-link\" target=\"_blank\"><\/a>\n\n<\/div>\n\t\t<\/div>\n\t\t\t\t<\/div>\n\t\t\t\t\t<\/div>\n\t\t<\/div>\n\t\t\t\t\t\t\t<\/div>\n\t\t<\/section>\n\t\t\t\t<section class=\"elementor-section elementor-top-section elementor-element elementor-element-b74023f elementor-section-full_width elementor-section-stretched elementor-section-height-default elementor-section-height-default qodef-elementor-content-no qodef-elementor-back-btn-skin-default qodef-section-title-text-holder-no qodef-section-line-animation-holder-no\" data-id=\"b74023f\" data-element_type=\"section\" data-settings=\"{&quot;stretch_section&quot;:&quot;section-stretched&quot;}\">\n\t\t\t\t\t\t<div class=\"elementor-container elementor-column-gap-wider\">\n\t\t\t\t\t<div class=\"elementor-column elementor-col-33 elementor-top-column elementor-element elementor-element-89f8d2e\" data-id=\"89f8d2e\" data-element_type=\"column\">\n\t\t\t<div class=\"elementor-widget-wrap elementor-element-populated\">\n\t\t\t\t\t\t\t\t<div class=\"elementor-element elementor-element-610d772 elementor-widget elementor-widget-text-editor\" data-id=\"610d772\" data-element_type=\"widget\" data-widget_type=\"text-editor.default\">\n\t\t\t\t<div class=\"elementor-widget-container\">\n\t\t\t<style>\/*! elementor - v3.6.7 - 03-07-2022 *\/\n.elementor-widget-text-editor.elementor-drop-cap-view-stacked .elementor-drop-cap{background-color:#818a91;color:#fff}.elementor-widget-text-editor.elementor-drop-cap-view-framed .elementor-drop-cap{color:#818a91;border:3px solid;background-color:transparent}.elementor-widget-text-editor:not(.elementor-drop-cap-view-default) .elementor-drop-cap{margin-top:8px}.elementor-widget-text-editor:not(.elementor-drop-cap-view-default) .elementor-drop-cap-letter{width:1em;height:1em}.elementor-widget-text-editor .elementor-drop-cap{float:left;text-align:center;line-height:1;font-size:50px}.elementor-widget-text-editor .elementor-drop-cap-letter{display:inline-block}<\/style>\t\t\t\t<p><img loading=\"lazy\" decoding=\"async\" class=\"\" role=\"img\" draggable=\"false\" src=\"https:\/\/s.w.org\/images\/core\/emoji\/17.0.2\/svg\/1f1e9-1f1ea.svg\" alt=\"\ud83c\udde9\ud83c\uddea\" width=\"18\" height=\"18\"> (<i>english bio below<\/i>) <br><\/p>\n<p>Als \u201eeine K\u00fcnstlerin, die das Publikum mitnimmt und die Grenzen der Percussionwelt erkundet und verschiebt\u201c wird Vivi Vassileva nicht nur f\u00fcr ihre brillante Technik, sondern auch f\u00fcr ihre herausragende Virtuosit\u00e4t und ihre athletische Performance gefeiert. An der Spitze einer neuen Generation von Schlagzeugern stehend, bringt sie das Schlagzeug als Instrument des 21. Jahrhunderts zur Geltung.<\/p>\n<p>Die Saison 2025\/26 h\u00e4lt zahlreiche H\u00f6hepunkte f\u00fcr Vivi Vassileva bereit, darunter Konzerte mit Lathi Sinfonia, Junge Deutsche Philharmonie, Z\u00fcrcher Kammerorchester, Klangforum Wien, Zagreb Philharmonic, Britten Sinfonia und l&#8217;Orchestra della Svizzera Italiana. Au\u00dferdem steht sie abermals an der Spitze der Percussive Planet Reihe des Wiener Konzerthauses, die sie in der Saison 2023\/24 \u00fcbernommen hat. Ihre Kammermusik Projekte f\u00fchren sie unter anderem in das Prinzregententheater M\u00fcnchen und Wiener Konzerthaus. Vivi Vassileva wird auch zu angesehen Festivals, wie dem Schleswig-Holstein Musik Festival, zur\u00fcckkehren.<\/p>\n<p>H\u00f6hepunkte aus der vergangenen Saison waren unter anderem die Premiere des Percussion Concerto A Savage Beat des finnischen Komponisten Sauli Zinovjev mit dem Beethoven Orchester Bonn, eine Tour mit Luxembourg Philharmonic und die Aufnahme von zwei sehr renommierten Schlagzeugkonzerten, zum einen Dan\u00edel Bjarnasons Inferno mit dem Iceland Symphony Orchestra, und zum anderen Gregor A. Mayrhofers Recycling Concerto mit dem SWR Symphonieorchester. Vivi Vassileva gibt leidenschaftlich gerne neue Werke in Auftrag, um das Schlagzeugrepertoire zu erweitern, darunter Werke von Bushra El-Turk, Christian Jost, Avner Dorman, Sauli Zinovjev und Gregor A. Mayrhofer. Ihr Konzertrepertoire beinhaltet au\u00dferdem Werke von Kalevi Aho, Oriol Cruixent, Tan Dun, John Corigliano, Avner Dorman, Friedrich Cerha, Dan\u00edel Bjarnason and Keiko Abe.&nbsp;<\/p>\t\t\t\t\t\t<\/div>\n\t\t\t\t<\/div>\n\t\t\t\t\t<\/div>\n\t\t<\/div>\n\t\t\t\t<div class=\"elementor-column elementor-col-33 elementor-top-column elementor-element elementor-element-2b0cae4\" data-id=\"2b0cae4\" data-element_type=\"column\">\n\t\t\t<div class=\"elementor-widget-wrap elementor-element-populated\">\n\t\t\t\t\t\t\t\t<div class=\"elementor-element elementor-element-82551d7 elementor-widget elementor-widget-text-editor\" data-id=\"82551d7\" data-element_type=\"widget\" data-widget_type=\"text-editor.default\">\n\t\t\t\t<div class=\"elementor-widget-container\">\n\t\t\t\t\t\t\t<p>Vivi Vassileva wird f\u00fcr ihren innovativen Programmstil bewundert und bietet ihrem Publikum neue M\u00f6glichkeiten, das Schlagzeug kennenzulernen, zum Beispiel in Form von Umweltprojekten mit Percussioninstrumenten aus recycelten Materialien. Sie tritt regelm\u00e4\u00dfig mit Partnern wie dem Pianisten Frank Dupree und dem Gitarristen Lucas Campara Diniz sowie mit ihrem eigenen Percussionensemble Extasi in S\u00e4len wie der Berliner Philharmonie, Tonhalle Z\u00fcrich, Konzerthaus Dortmund, Philharmonie Essen, Wiener Konzerthaus, Snape Maltings und auch bei renommierten Festivals wie den Salzburger Festspielen, Gstaad Menuhin Festival, Solsberg Festival und dem Schleswig-Holstein Musik Festival auf.<\/p><p>Seit 2019 ist sie bei Outhere Music France f\u00fcr deren Label Alpha Classics unter Vertrag. Auf ihrem Deb\u00fctalbum Singin&#8216; Rhythm sind Werke von Guillo Espel, Eric Sammut, Oriol Cruixent und Keiko Abe zu h\u00f6ren, die meisten davon Ersteinspielungen, daneben aber auch einige selten zu h\u00f6rende oder uraufgef\u00fchrte Arrangements und Kompositionen von Vassileva selbst.<\/p><p>Vassileva begann ihre Ausbildung im Alter von zehn Jahren bei Claudio Estay und wurde sp\u00e4ter als j\u00fcngstes Mitglied in das Bundesjugendorchester Deutschlands aufgenommen. Es folgten weitere Erfolge, darunter Preise bei internationalen Wettbewerben und Sonderpreise beim renommierten ARD-Musikwettbewerb 2014. F\u00fcr ihre eigene Komposition und Bearbeitung des bulgarischen Volkslieds Kalino Mome erhielt sie den Kulturkreis Gasteig Musikpreis 2016. Im Jahr 2017 erhielt sie den Bayerischen Kunstf\u00f6rderpreis und in 2023 den Leonard-Bernstein Preis. Vivi Vassileva ist Absolventin der Universit\u00e4t Mozarteum Salzburg wo sie unter der Leitung von Martin Grubinger studierte.<\/p>\t\t\t\t\t\t<\/div>\n\t\t\t\t<\/div>\n\t\t\t\t\t<\/div>\n\t\t<\/div>\n\t\t\t\t<div class=\"elementor-column elementor-col-33 elementor-top-column elementor-element elementor-element-7a3a073\" data-id=\"7a3a073\" data-element_type=\"column\">\n\t\t\t<div class=\"elementor-widget-wrap elementor-element-populated\">\n\t\t\t\t\t\t\t\t<div class=\"elementor-element elementor-element-fb85ed9 elementor-widget elementor-widget-text-editor\" data-id=\"fb85ed9\" data-element_type=\"widget\" data-widget_type=\"text-editor.default\">\n\t\t\t\t<div class=\"elementor-widget-container\">\n\t\t\t\t\t\t\t<h6>preise<\/h6><ul><li>Leonard Bernstein Award 2023<\/li><li>Bayerischer Kunstf\u00f6rderpreis in der Sparte Musik 2017<\/li><li>1. Price Musikpreis des Kulturkreises Gasteig 2016<\/li><\/ul><ul><li>2 Sonderpreise im 63.ARD-Musikwettbewerb in M\u00fcnchen 2014:<\/li><li>U21-Special price von BR-Klassik<\/li><li>Sonderpreis der Mozart-Gesellschaft M\u00fcnchen<\/li><\/ul><ul><li>1.Price Musikf\u00f6rderungswettbewerb des Konzertvereines Ingolstadt 2013<\/li><li>1.Price with ADAMS- Special price -Internationalen Marimba Competition \u201eMarimba Festiva\u201c in N\u00fcrnberg<\/li><li>Bronze Medal\u00a0international Marimba Competition \u201eMarimba Mania\u201c in Paris, 2010<\/li><\/ul>\t\t\t\t\t\t<\/div>\n\t\t\t\t<\/div>\n\t\t\t\t<div class=\"elementor-element elementor-element-c8b602c elementor-widget elementor-widget-text-editor\" data-id=\"c8b602c\" data-element_type=\"widget\" data-widget_type=\"text-editor.default\">\n\t\t\t\t<div class=\"elementor-widget-container\">\n\t\t\t\t\t\t\t<h6>Vivi spielte bereits mit folgenden Orchestern als Solistin:<\/h6><div><div role=\"heading\" aria-level=\"2\" data-attrid=\"title\">ORF Radio-Symphonieorchester Wien, G\u00fcrzenich Orchester K\u00f6ln, hr-Sinfonieorchester, SWR-Symphonieorchester, Philharmonie Luxembourg, DSO-Berlin, Wiener Symphoniker, Britten Sinfonia, Iceland Symphony Orchestra, Orchestra della Svizzera italiana (OSI), Wiener Kammerorchester, Sinfonieorchester Wuppertal, M\u00fcnchner Symphoniker, Residentie Orkest, Sinfonieorchester Hagen, National Polish Radio Orchestra, Norwegian Radio Orchestra, Dresdner Philharmonie, Schleswig-Holstein Festival Orchester, Hofer Symphoniker, N\u00fcrnberger Symphoniker, Wiener Jeunesse Orchester, Bayerisches Landesjugendorchester, Neue Philharmonie M\u00fcnchen, Sofia Solisten, Baltic Neopolis Orchestra, Orchestra of Conservatorio Superior de Castellon, Philharmonie S\u00fcdwestfalen, W\u00fcrttembergische Philharmonie Reutlingen, Sinfonieorchester Liechtenstein, Konstellation Plus Orchester, Bergische Symphoniker, Philharmonie Salzburg, Bulgarian National Radio Orchestra, Musikkollegium Winterthur, Robert-Schumann Philharmonie Chemnitz, Junge Deutsche Philharmonie, Zagreb Philharmonic<\/div><\/div>\t\t\t\t\t\t<\/div>\n\t\t\t\t<\/div>\n\t\t\t\t\t<\/div>\n\t\t<\/div>\n\t\t\t\t\t\t\t<\/div>\n\t\t<\/section>\n\t\t\t\t<section class=\"elementor-section elementor-top-section elementor-element elementor-element-46c827b elementor-section-full_width elementor-section-stretched elementor-section-height-default elementor-section-height-default qodef-elementor-content-no qodef-elementor-back-btn-skin-default qodef-section-title-text-holder-no qodef-section-line-animation-holder-no\" data-id=\"46c827b\" data-element_type=\"section\" data-settings=\"{&quot;stretch_section&quot;:&quot;section-stretched&quot;}\">\n\t\t\t\t\t\t<div class=\"elementor-container elementor-column-gap-wider\">\n\t\t\t\t\t<div class=\"elementor-column elementor-col-33 elementor-top-column elementor-element elementor-element-2c553dd\" data-id=\"2c553dd\" data-element_type=\"column\">\n\t\t\t<div class=\"elementor-widget-wrap elementor-element-populated\">\n\t\t\t\t\t\t\t\t<div class=\"elementor-element elementor-element-c33f5c1 elementor-widget elementor-widget-text-editor\" data-id=\"c33f5c1\" data-element_type=\"widget\" data-widget_type=\"text-editor.default\">\n\t\t\t\t<div class=\"elementor-widget-container\">\n\t\t\t\t\t\t\t<p><span class=\"T286Pc\" data-sfc-cp=\"\" data-processed=\"true\"><strong class=\"Yjhzub\" data-processed=\"true\">\ud83c\uddec\ud83c\udde7<\/strong><\/span><\/p><p>Described as &#8218;an artist who thrills her audience, exploring and shifting the limits of the percussive world&#8216;, Vivi Vassileva is being celebrated not only for her technical perfection, but her astonishing virtuosity, combining agility and power in her performance, leading a new generation of percussionists in their pursuit to showcase percussion as the instrument of the 21st century.<\/p><p>The 2025\/26 season holds numerous highlights for Vivi Vassileva, including concerts with Lathi Sinfonia, Junge Deutsche Philharmonie, Chamber Orchestra Z\u00fcrich, Klangforum Wien, Zagreb Philharmonic, Britten Sinfonia and l&#8217;Orchestra della Svizzera Italiana. Once again, Vivi takes the lead in Wiener Konzerthaus\u2019s The Percussive Planet series \u2013 a commitment that started in 2023\/24. Chamber Music projects take her to Prinzregententheater M\u00fcnich and Wiener Konzerthaus amongst others. Vivi Vassileva will furthermore return to important festivals such as Schleswig-Holstein Music Festival. \u00a0<\/p><p>Recent highlights featured the premiere of the percussion concerto A Savage Beat by Sauli Zinovjev with Beethoven Orchestra Bonn, tour with Luxembourg Philharmonic and recordings of two highly renowned percussion concertos, Dan\u00edel Bjarnason\u2019s Inferno with Iceland Philharmonic Orchestra and Gregor A. Mayrhofer\u2019s Recycling Concerto with SWR Symphony Orchestra. Vassileva is passionate about commissioning new works to expand the percussion repertoire, including works by Bushra El-Turk, Christian Jost, Avner Dorman, Gregor Mayrhofer and Sauli Zinovjev. Her concerto repertoire includes works by Kalevi Aho, Oriol Cruixent, Tan Dun, John Corigliano, Avner Dorman, Friedrich Cerha, Dan\u00edel Bjarnason and Keiko Abe.<\/p>\t\t\t\t\t\t<\/div>\n\t\t\t\t<\/div>\n\t\t\t\t\t<\/div>\n\t\t<\/div>\n\t\t\t\t<div class=\"elementor-column elementor-col-33 elementor-top-column elementor-element elementor-element-b56508b\" data-id=\"b56508b\" data-element_type=\"column\">\n\t\t\t<div class=\"elementor-widget-wrap elementor-element-populated\">\n\t\t\t\t\t\t\t\t<div class=\"elementor-element elementor-element-02119bb elementor-widget elementor-widget-text-editor\" data-id=\"02119bb\" data-element_type=\"widget\" data-widget_type=\"text-editor.default\">\n\t\t\t\t<div class=\"elementor-widget-container\">\n\t\t\t\t\t\t\t<p>Admired for her innovative programming style, Vassileva offers new, accessible ways for audiences to become acquainted with her instruments and her craft, as she introduces projects with percussion instruments made from recycled materials. She makes regular performances alongside recital partners including Frank Dupree and guitarist Lucas Campara Diniz as well as her own percussion ensemble, Extasi Ensemble, at venues such as Berliner Philharmonie, Konzerthaus Dortmund, Philharmonie Essen, Wiener Konzerthaus, Snape Maltings and Tonhalle Z\u00fcrich, alongside festivals such as Salzburg Festival, Gstaad Menuhin Festival, Solsberg Festival and Schleswig-Holstein Music Festival. <br \/>\u00a0<br \/>In 2019 Vassileva signed an exclusive recording contract with Outhere Music France for their Alpha Classics label. Her debut album release Singin\u2019 Rhythm features work by Guillo Espel, Eric Sammut, Oriol Cruixent and Keiko Abe, most of them premiere recordings, alongside some rarely heard or premiere arrangements and compositions by Vassileva herself. <br \/><br \/>Vassileva began her formal training at the age of ten with Claudio Estay and later entered the National Youth Orchestra of Germany as youngest member. More success was immediate with prizes at international competitions and two special prizes as the youngest semi-finalist at the prestigious ARD Music Competition in 2014. She received the Kulturkreis Gasteig Musikpreis 2016 for her own composition and arrangement of the Bulgarian Folk Song Kalino Mome. In 2017 she was awarded the Bayerische Kunstf\u00f6rderpreis and in 2023 the Leonard-Bernstein Award. Vivi Vassileva is a graduate of Mozarteum University Salzburg where she studied under Martin Grubinger. <\/p>\t\t\t\t\t\t<\/div>\n\t\t\t\t<\/div>\n\t\t\t\t\t<\/div>\n\t\t<\/div>\n\t\t\t\t<div class=\"elementor-column elementor-col-33 elementor-top-column elementor-element elementor-element-ee08564\" data-id=\"ee08564\" data-element_type=\"column\">\n\t\t\t<div class=\"elementor-widget-wrap elementor-element-populated\">\n\t\t\t\t\t\t\t\t<div class=\"elementor-element elementor-element-1aa676f elementor-widget elementor-widget-text-editor\" data-id=\"1aa676f\" data-element_type=\"widget\" data-widget_type=\"text-editor.default\">\n\t\t\t\t<div class=\"elementor-widget-container\">\n\t\t\t\t\t\t\t<h6>awards<\/h6><ul><li>Leonard Bernstein Award 2023<\/li><li>Bayerischer Kunstf\u00f6rderpreis in der Sparte Musik 2017<\/li><li>1. Price Musikpreis des Kulturkreises Gasteig 2016<\/li><\/ul><ul><li>2 Sonderpreise im 63.ARD-Musikwettbewerb in M\u00fcnchen 2014:<\/li><li>U21-Special price von BR-Klassik<\/li><li>Sonderpreis der Mozart-Gesellschaft M\u00fcnchen<\/li><\/ul><ul><li>1.Price Musikf\u00f6rderungswettbewerb des Konzertvereines Ingolstadt 2013<\/li><li>1.Price with ADAMS- Special price -Internationalen Marimba Competition \u201eMarimba Festiva\u201c in N\u00fcrnberg<\/li><li>Bronze Medal\u00a0international Marimba Competition \u201eMarimba Mania\u201c in Paris, 2010<\/li><\/ul>\t\t\t\t\t\t<\/div>\n\t\t\t\t<\/div>\n\t\t\t\t<div class=\"elementor-element elementor-element-4be1148 elementor-widget elementor-widget-text-editor\" data-id=\"4be1148\" data-element_type=\"widget\" data-widget_type=\"text-editor.default\">\n\t\t\t\t<div class=\"elementor-widget-container\">\n\t\t\t\t\t\t\t<h6>vivi has played as a soloist with the following orchestras:<\/h6><div><div role=\"heading\" aria-level=\"2\" data-attrid=\"title\">ORF Radio-Symphonieorchester Wien, G\u00fcrzenich Orchester K\u00f6ln, hr-Sinfonieorchester, SWR-Symphonieorchester, Philharmonie Luxembourg, DSO-Berlin, Wiener Symphoniker, Britten Sinfonia, Iceland Symphony Orchestra, Orchestra della Svizzera italiana (OSI), Wiener Kammerorchester, Sinfonieorchester Wuppertal, M\u00fcnchner Symphoniker, Residentie Orkest, Sinfonieorchester Hagen, National Polish Radio Orchestra, Norwegian Radio Orchestra, Dresdner Philharmonie, Schleswig-Holstein Festival Orchester, Hofer Symphoniker, N\u00fcrnberger Symphoniker, Wiener Jeunesse Orchester, Bayerisches Landesjugendorchester, Neue Philharmonie M\u00fcnchen, Sofia Solisten, Baltic Neopolis Orchestra, Orchestra of Conservatorio Superior de Castellon, Philharmonie S\u00fcdwestfalen, W\u00fcrttembergische Philharmonie Reutlingen, Sinfonieorchester Liechtenstein, Konstellation Plus Orchester, Bergische Symphoniker, Philharmonie Salzburg, Bulgarian National Radio Orchestra, Musikkollegium Winterthur, Robert-Schumann Philharmonie Chemnitz, Junge Deutsche Philharmonie, Zagreb Philharmonic<\/div><\/div>\t\t\t\t\t\t<\/div>\n\t\t\t\t<\/div>\n\t\t\t\t\t<\/div>\n\t\t<\/div>\n\t\t\t\t\t\t\t<\/div>\n\t\t<\/section>\n\t\t\t\t\t\t\t<\/div>","protected":false},"excerpt":{"rendered":"<p>Vivi Vivi (english bio below) Als \u201eeine K\u00fcnstlerin, die das Publikum mitnimmt und die Grenzen der Percussionwelt erkundet und verschiebt\u201c wird Vivi Vassileva nicht nur f\u00fcr ihre brillante Technik, sondern auch f\u00fcr ihre herausragende Virtuosit\u00e4t und ihre athletische Performance gefeiert. An der Spitze einer neuen Generation von Schlagzeugern stehend, bringt sie das Schlagzeug als Instrument [&hellip;]<\/p>","protected":false},"author":2,"featured_media":0,"parent":0,"menu_order":0,"comment_status":"closed","ping_status":"closed","template":"","meta":{"footnotes":""},"class_list":["post-13683","page","type-page","status-publish","hentry"],"_links":{"self":[{"href":"https:\/\/vividrums.com\/en\/wp-json\/wp\/v2\/pages\/13683","targetHints":{"allow":["GET"]}}],"collection":[{"href":"https:\/\/vividrums.com\/en\/wp-json\/wp\/v2\/pages"}],"about":[{"href":"https:\/\/vividrums.com\/en\/wp-json\/wp\/v2\/types\/page"}],"author":[{"embeddable":true,"href":"https:\/\/vividrums.com\/en\/wp-json\/wp\/v2\/users\/2"}],"replies":[{"embeddable":true,"href":"https:\/\/vividrums.com\/en\/wp-json\/wp\/v2\/comments?post=13683"}],"version-history":[{"count":149,"href":"https:\/\/vividrums.com\/en\/wp-json\/wp\/v2\/pages\/13683\/revisions"}],"predecessor-version":[{"id":15513,"href":"https:\/\/vividrums.com\/en\/wp-json\/wp\/v2\/pages\/13683\/revisions\/15513"}],"wp:attachment":[{"href":"https:\/\/vividrums.com\/en\/wp-json\/wp\/v2\/media?parent=13683"}],"curies":[{"name":"wp","href":"https:\/\/api.w.org\/{rel}","templated":true}]}}